{"id":49964,"date":"2022-09-08T02:01:07","date_gmt":"2022-09-08T00:01:07","guid":{"rendered":"http:\/\/katharinavandamme.com\/?page_id=49964"},"modified":"2022-09-08T02:09:48","modified_gmt":"2022-09-08T00:09:48","slug":"patisserie-ideen-aus-katharinas-patisserie","status":"publish","type":"page","link":"http:\/\/katharinavandamme.com\/?page_id=49964","title":{"rendered":"Patisserie Ideen (aus Katharinas Patisserie)"},"content":{"rendered":"\n<p>Mango K\u00e4se Sahne Torte: Heller M\u00fcrbteig, Pfirsich Maraquja Marmelade, Heller Bisquit, Mangokonfit, Mangok\u00e4sesahnecreme <\/p>\n\n\n\n<p>M\u00fcrbteig: Hell, Kakao, Mandel, Haselnuss, Marzipan, Mohn, <\/p>\n\n\n\n<p>Kuchen: Nusskuchen vom Blech, Kirschkonfit, Schlagsahne<\/p>\n","protected":false},"excerpt":{"rendered":"<p>Mango K\u00e4se Sahne Torte: Heller M\u00fcrbteig, Pfirsich Maraquja Marmelade, Heller Bisquit, Mangokonfit, Mangok\u00e4sesahnecreme M\u00fcrbteig: Hell, Kakao, Mandel, Haselnuss, Marzipan, Mohn,&hellip;<\/p>\n","protected":false},"author":4,"featured_media":0,"parent":0,"menu_order":0,"comment_status":"closed","ping_status":"closed","template":"","meta":[],"_links":{"self":[{"href":"http:\/\/katharinavandamme.com\/index.php?rest_route=\/wp\/v2\/pages\/49964"}],"collection":[{"href":"http:\/\/katharinavandamme.com\/index.php?rest_route=\/wp\/v2\/pages"}],"about":[{"href":"http:\/\/katharinavandamme.com\/index.php?rest_route=\/wp\/v2\/types\/page"}],"author":[{"embeddable":true,"href":"http:\/\/katharinavandamme.com\/index.php?rest_route=\/wp\/v2\/users\/4"}],"replies":[{"embeddable":true,"href":"http:\/\/katharinavandamme.com\/index.php?rest_route=%2Fwp%2Fv2%2Fcomments&post=49964"}],"version-history":[{"count":2,"href":"http:\/\/katharinavandamme.com\/index.php?rest_route=\/wp\/v2\/pages\/49964\/revisions"}],"predecessor-version":[{"id":49967,"href":"http:\/\/katharinavandamme.com\/index.php?rest_route=\/wp\/v2\/pages\/49964\/revisions\/49967"}],"wp:attachment":[{"href":"http:\/\/katharinavandamme.com\/index.php?rest_route=%2Fwp%2Fv2%2Fmedia&parent=49964"}],"curies":[{"name":"wp","href":"https:\/\/api.w.org\/{rel}","templated":true}]}}